{"id":66,"date":"2015-05-22T14:38:00","date_gmt":"2015-05-22T14:38:00","guid":{"rendered":"http:\/\/www.capitalcustoms.com\/canadian-customs-import-brokerage\/careers\/"},"modified":"2016-05-10T18:00:27","modified_gmt":"2016-05-10T18:00:27","slug":"careers","status":"publish","type":"page","link":"https:\/\/www.capitalcustoms.com\/fr\/canadian-customs-import-brokerage\/careers\/","title":{"rendered":"Carri\u00e8res"},"content":{"rendered":"<p>Avez vous le souci du d\u00e9tail? Mettez vous un point d&rsquo;honneur \u00e0 offrir la meilleure exp\u00e9rience possible \u00e0 chaque client?<\/p>\n<p>Nous croyons au travail d&rsquo;\u00e9quipe, \u00e0 la formation, au d\u00e9veloppement de carri\u00e8re et au maintien de l&rsquo;\u00e9quilibre entre le travail et la vie familiale. Si vous souhaitez d\u00e9velopper votre potentiel personnel et professionnel \u00e0 Capital Customs Brokers, n&rsquo;h\u00e9sitez pas \u00e0 nous envoyer une lettre de pr\u00e9sentation et un curriculum vit\u00e6. Nous avons peut \u00eatre un emploi pour vous!<\/p>\n<p><span style=\"line-height: 1.5;\">Envoyez votre curriculum vit\u00e6 et votre lettre de pr\u00e9sentation au : <\/span><a style=\"line-height: 1.5;\" href=\"mailto:info@capitalcustoms.ca\">info@capitalcustoms.ca<\/a><\/p>\n","protected":false},"excerpt":{"rendered":"<p>Avez vous le souci du d\u00e9tail? Mettez vous un point d&rsquo;honneur \u00e0 offrir la meilleure exp\u00e9rience possible \u00e0 chaque client? Nous croyons au travail d&rsquo;\u00e9quipe, \u00e0 la formation, au d\u00e9veloppement de carri\u00e8re et au maintien de l&rsquo;\u00e9quilibre entre le travail et la vie familiale. Si vous souhaitez d\u00e9velopper votre potentiel personnel et professionnel \u00e0 Capital [&hellip;]<\/p>\n","protected":false},"author":1,"featured_media":0,"parent":58,"menu_order":20,"comment_status":"open","ping_status":"open","template":"templates\/inside.php","meta":{"footnotes":""},"class_list":["post-66","page","type-page","status-publish","hentry"],"aioseo_notices":[],"_links":{"self":[{"href":"https:\/\/www.capitalcustoms.com\/fr\/wp-json\/wp\/v2\/pages\/66","targetHints":{"allow":["GET"]}}],"collection":[{"href":"https:\/\/www.capitalcustoms.com\/fr\/wp-json\/wp\/v2\/pages"}],"about":[{"href":"https:\/\/www.capitalcustoms.com\/fr\/wp-json\/wp\/v2\/types\/page"}],"author":[{"embeddable":true,"href":"https:\/\/www.capitalcustoms.com\/fr\/wp-json\/wp\/v2\/users\/1"}],"replies":[{"embeddable":true,"href":"https:\/\/www.capitalcustoms.com\/fr\/wp-json\/wp\/v2\/comments?post=66"}],"version-history":[{"count":5,"href":"https:\/\/www.capitalcustoms.com\/fr\/wp-json\/wp\/v2\/pages\/66\/revisions"}],"predecessor-version":[{"id":286,"href":"https:\/\/www.capitalcustoms.com\/fr\/wp-json\/wp\/v2\/pages\/66\/revisions\/286"}],"up":[{"embeddable":true,"href":"https:\/\/www.capitalcustoms.com\/fr\/wp-json\/wp\/v2\/pages\/58"}],"wp:attachment":[{"href":"https:\/\/www.capitalcustoms.com\/fr\/wp-json\/wp\/v2\/media?parent=66"}],"curies":[{"name":"wp","href":"https:\/\/api.w.org\/{rel}","templated":true}]}}