{"id":54,"date":"2015-05-22T14:09:36","date_gmt":"2015-05-22T14:09:36","guid":{"rendered":"http:\/\/www.capitalcustoms.com\/home-2\/"},"modified":"2016-05-25T15:41:59","modified_gmt":"2016-05-25T15:41:59","slug":"home","status":"publish","type":"page","link":"https:\/\/www.capitalcustoms.com\/fr\/","title":{"rendered":"Accueil"},"content":{"rendered":"<h1 class=\"page-title\">Nous <strong>simplifions<\/strong> les douanes.<\/h1>\n<p>Vous pouvez compter sur Capital Customs Brokers pour d\u00e9douaner vos marchandises, quel que soit leur pays d&rsquo;origine ou l&rsquo;endroit o\u00f9 elles traversent la fronti\u00e8re canadienne. Bien que notre travail comporte plusieurs processus en mati\u00e8re de logistique et de d\u00e9douanement, <strong>nous rendons les choses les plus simples possibles pour vous<\/strong>.<\/p>\n<p>Nous savons que vous souhaitez que vos exp\u00e9ditions soient d\u00e9douan\u00e9es de fa\u00e7on rapide, conforme \u00e0 la loi et rentable, afin qu&rsquo;elles parviennent \u00e0 leur destination \u2013 et que vous r\u00e9alisiez des \u00e9conomies en m\u00eame temps. C&rsquo;est en cela que notre travail consiste, et c&rsquo;est ce que nous faisons depuis plus de 30 ans.<\/p>\n<h2>Nous travaillons avec vous, pour vous. <\/h2>\n<p>Nous mettons un point d&rsquo;honneur \u00e0 conna\u00eetre le nom de nos clients, et ce n&rsquo;est l\u00e0 qu&rsquo;une des raisons multiples pour lesquelles notre taux de fid\u00e9lisation de la client\u00e8le est si \u00e9lev\u00e9. Nous comprenons les entreprises et les priorit\u00e9s de nos clients, et nous travaillons avec eux, afin de nous assurer que leurs besoins en mati\u00e8re d&rsquo;importation sont satisfaits \u2013 \u00e0 des prix avantageux.<\/p>\n<p>Nous sommes toujours pr\u00eats \u00e0 accueillir de nouveaux clients qui souhaitent faire des importations au Canada, et nous esp\u00e9rons que vous serez parmi les prochains. Dites nous en davantage au sujet de votre entreprise et de vos besoins en mati\u00e8re d&rsquo;importation, et nous serons heureux de communiquer avec vous. <\/p>\n<p><a href=\"\/fr\/contact\/request-form\/\">Poser une question \u00bb<\/a><\/p>\n","protected":false},"excerpt":{"rendered":"<p>Nous simplifions les douanes. Vous pouvez compter sur Capital Customs Brokers pour d\u00e9douaner vos marchandises, quel que soit leur pays d&rsquo;origine ou l&rsquo;endroit o\u00f9 elles traversent la fronti\u00e8re canadienne. Bien que notre travail comporte plusieurs processus en mati\u00e8re de logistique et de d\u00e9douanement, nous rendons les choses les plus simples possibles pour vous. Nous savons [&hellip;]<\/p>\n","protected":false},"author":1,"featured_media":0,"parent":0,"menu_order":0,"comment_status":"closed","ping_status":"closed","template":"","meta":{"footnotes":""},"class_list":["post-54","page","type-page","status-publish","hentry"],"aioseo_notices":[],"_links":{"self":[{"href":"https:\/\/www.capitalcustoms.com\/fr\/wp-json\/wp\/v2\/pages\/54","targetHints":{"allow":["GET"]}}],"collection":[{"href":"https:\/\/www.capitalcustoms.com\/fr\/wp-json\/wp\/v2\/pages"}],"about":[{"href":"https:\/\/www.capitalcustoms.com\/fr\/wp-json\/wp\/v2\/types\/page"}],"author":[{"embeddable":true,"href":"https:\/\/www.capitalcustoms.com\/fr\/wp-json\/wp\/v2\/users\/1"}],"replies":[{"embeddable":true,"href":"https:\/\/www.capitalcustoms.com\/fr\/wp-json\/wp\/v2\/comments?post=54"}],"version-history":[{"count":5,"href":"https:\/\/www.capitalcustoms.com\/fr\/wp-json\/wp\/v2\/pages\/54\/revisions"}],"predecessor-version":[{"id":315,"href":"https:\/\/www.capitalcustoms.com\/fr\/wp-json\/wp\/v2\/pages\/54\/revisions\/315"}],"wp:attachment":[{"href":"https:\/\/www.capitalcustoms.com\/fr\/wp-json\/wp\/v2\/media?parent=54"}],"curies":[{"name":"wp","href":"https:\/\/api.w.org\/{rel}","templated":true}]}}